{"id":10182,"date":"2023-07-10T12:31:12","date_gmt":"2023-07-10T12:31:12","guid":{"rendered":"https:\/\/philidor1847.nl\/?page_id=10182"},"modified":"2026-02-04T15:06:36","modified_gmt":"2026-02-04T15:06:36","slug":"intern","status":"publish","type":"page","link":"https:\/\/philidor1847.nl\/?page_id=10182","title":{"rendered":"Intern"},"content":{"rendered":"<div class=\"kzr-viewer\" style=\"padding:10px;border:1px solid rgba(0,0,0,.15);border-radius:10px;\">No .kzr file found in current month uploads folder.<\/div>\n<p>Philidor kent acht interne competities:<\/p>\n<p>De Ladder\u00a0 &#8211; de interne competitie gedurende het seizoen<br \/>\nInterne beker &#8211; afvaltoernooi<br \/>\nSnelschaak &#8211; snelschaaktoernooi dat op \u00e9\u00e9n of enkele avonden gespeeld wordt<br \/>\nRapidschaak &#8211; Rapidtoernooi dat op \u00e9\u00e9n of enkele avonden verspeeld wordt<br \/>\nLentecompetitie &#8211; toernooi in het voorjaar na afloop van de Ladder<br \/>\nPlay-off &#8211; de bovenste acht van de Ladder spelen in het voorjaar een halve competitie om het clubkampioenschap<br \/>\nOverdagschaak &#8211; interne competitie gedurende het seizoen die overdag wordt gespeeld<br \/>\nJeugd &#8211; de jeugd speelt op de dinsdagavond na hun training en voorafgaand aan de volwassenen een competitie<\/p>\n","protected":false},"excerpt":{"rendered":"<p>Philidor kent acht interne competities: De Ladder\u00a0 &#8211; de interne competitie gedurende het seizoen Interne beker &#8211; afvaltoernooi Snelschaak &#8211; snelschaaktoernooi dat op \u00e9\u00e9n of enkele avonden gespeeld wordt Rapidschaak &#8211; Rapidtoernooi dat op \u00e9\u00e9n of enkele avonden verspeeld wordt Lentecompetitie &#8211; toernooi in het voorjaar na afloop van de Ladder Play-off &#8211; de bovenste [&hellip;]<\/p>\n","protected":false},"author":5,"featured_media":0,"parent":0,"menu_order":0,"comment_status":"closed","ping_status":"closed","template":"","meta":{"footnotes":""},"class_list":["post-10182","page","type-page","status-publish","hentry"],"_links":{"self":[{"href":"https:\/\/philidor1847.nl\/index.php?rest_route=\/wp\/v2\/pages\/10182","targetHints":{"allow":["GET"]}}],"collection":[{"href":"https:\/\/philidor1847.nl\/index.php?rest_route=\/wp\/v2\/pages"}],"about":[{"href":"https:\/\/philidor1847.nl\/index.php?rest_route=\/wp\/v2\/types\/page"}],"author":[{"embeddable":true,"href":"https:\/\/philidor1847.nl\/index.php?rest_route=\/wp\/v2\/users\/5"}],"replies":[{"embeddable":true,"href":"https:\/\/philidor1847.nl\/index.php?rest_route=%2Fwp%2Fv2%2Fcomments&post=10182"}],"version-history":[{"count":4,"href":"https:\/\/philidor1847.nl\/index.php?rest_route=\/wp\/v2\/pages\/10182\/revisions"}],"predecessor-version":[{"id":13962,"href":"https:\/\/philidor1847.nl\/index.php?rest_route=\/wp\/v2\/pages\/10182\/revisions\/13962"}],"wp:attachment":[{"href":"https:\/\/philidor1847.nl\/index.php?rest_route=%2Fwp%2Fv2%2Fmedia&parent=10182"}],"curies":[{"name":"wp","href":"https:\/\/api.w.org\/{rel}","templated":true}]}}