{"id":1289,"date":"2024-11-28T01:46:12","date_gmt":"2024-11-28T01:46:12","guid":{"rendered":"http:\/\/philidor1847.nl\/?page_id=1289"},"modified":"2025-06-22T07:30:36","modified_gmt":"2025-06-22T07:30:36","slug":"historie-clublokalen","status":"publish","type":"page","link":"https:\/\/philidor1847.nl\/?page_id=1289","title":{"rendered":"Historie Clublokalen"},"content":{"rendered":"<table class=\"alignleft\" style=\"height: 100%; width: 38.2455%; background-color: #ffcc00;\" border=\"1\" width=\"38.2455%\" cellspacing=\"1\" cellpadding=\"1\" align=\"left\">\n<tbody>\n<tr>\n<td style=\"width: 52.2807%;\" width=\"65\">Caf\u00e9 Van der Wielen, Sacramentsstraat<\/td>\n<td style=\"width: 15.4386%;\" width=\"70\">\n<div style=\"text-align: left;\" align=\"center\">1847-1895<\/div>\n<\/td>\n<td style=\"width: 7.71933%;\" width=\"30\">\n<div align=\"center\">48<\/div>\n<\/td>\n<\/tr>\n<tr>\n<td style=\"width: 52.2807%;\">Friesch Koffiehuis, Wirdumerdijk<\/td>\n<td style=\"width: 15.4386%;\">\n<div style=\"text-align: left;\" align=\"center\">1895-1904<\/div>\n<\/td>\n<td style=\"width: 7.71933%;\">\n<div align=\"center\">9<\/div>\n<\/td>\n<\/tr>\n<tr>\n<td style=\"width: 52.2807%;\">Caf\u00e9 Spoorzicht, Zuiderplein<\/td>\n<td style=\"width: 15.4386%;\">\n<div style=\"text-align: left;\" align=\"center\">1904-1906<\/div>\n<\/td>\n<td style=\"width: 7.71933%;\">\n<div align=\"center\">2<\/div>\n<\/td>\n<\/tr>\n<tr>\n<td style=\"width: 52.2807%;\">Caf\u00e9 Visser, Sacramentsstraat<\/td>\n<td style=\"width: 15.4386%;\">\n<div style=\"text-align: left;\" align=\"center\">1906-1909<\/div>\n<\/td>\n<td style=\"width: 7.71933%;\">\n<div align=\"center\">3<\/div>\n<\/td>\n<\/tr>\n<tr>\n<td style=\"width: 52.2807%;\">Hotel De Klanderij, Zuiderplein<\/td>\n<td style=\"width: 15.4386%;\">\n<div style=\"text-align: left;\" align=\"center\">1909-1912<\/div>\n<\/td>\n<td style=\"width: 7.71933%;\">\n<div align=\"center\">3<\/div>\n<\/td>\n<\/tr>\n<tr>\n<td style=\"width: 52.2807%;\">Friesch Koffiehuis, Wirdumerdijk<\/td>\n<td style=\"width: 15.4386%;\">\n<div style=\"text-align: left;\" align=\"center\">1912-1941<\/div>\n<\/td>\n<td style=\"width: 7.71933%;\">\n<div align=\"center\">29<\/div>\n<\/td>\n<\/tr>\n<tr>\n<td style=\"width: 52.2807%;\">Harmonie<\/td>\n<td style=\"width: 15.4386%;\">\n<div style=\"text-align: left;\" align=\"center\">1941-1950<\/div>\n<\/td>\n<td style=\"width: 7.71933%;\">\n<div align=\"center\">9<\/div>\n<\/td>\n<\/tr>\n<tr>\n<td style=\"width: 52.2807%;\">Hotel Amicitia, Wirdumerdijk<\/td>\n<td style=\"width: 15.4386%;\">\n<div style=\"text-align: left;\" align=\"center\">1950-1951<\/div>\n<\/td>\n<td style=\"width: 7.71933%;\">\n<div align=\"center\">1<\/div>\n<\/td>\n<\/tr>\n<tr>\n<td style=\"width: 52.2807%;\">Hotel De Klanderij, Zuiderplein<\/td>\n<td style=\"width: 15.4386%;\">\n<div style=\"text-align: left;\" align=\"center\">1951-1969<\/div>\n<\/td>\n<td style=\"width: 7.71933%;\">\n<div align=\"center\">18<\/div>\n<\/td>\n<\/tr>\n<tr>\n<td style=\"width: 52.2807%;\">Kantine FBTO<\/td>\n<td style=\"width: 15.4386%;\">\n<div style=\"text-align: left;\" align=\"center\">1969-1970<\/div>\n<\/td>\n<td style=\"width: 7.71933%;\">\n<div align=\"center\">1<\/div>\n<\/td>\n<\/tr>\n<tr>\n<td style=\"width: 52.2807%;\">Harmonie<\/td>\n<td style=\"width: 15.4386%;\">\n<div style=\"text-align: left;\" align=\"center\">1970-1978<\/div>\n<\/td>\n<td style=\"width: 7.71933%;\">\n<div align=\"center\">8<\/div>\n<\/td>\n<\/tr>\n<tr>\n<td style=\"width: 52.2807%;\">Kantine GAK<\/td>\n<td style=\"width: 15.4386%;\">\n<div style=\"text-align: left;\" align=\"center\">1978-1979<\/div>\n<\/td>\n<td style=\"width: 7.71933%;\">\n<div align=\"center\">1<\/div>\n<\/td>\n<\/tr>\n<tr>\n<td style=\"width: 52.2807%;\">Harmonie<\/td>\n<td style=\"width: 15.4386%;\">\n<div style=\"text-align: left;\" align=\"center\">1979-1986<\/div>\n<\/td>\n<td style=\"width: 7.71933%;\">\n<div align=\"center\">7<\/div>\n<\/td>\n<\/tr>\n<tr>\n<td style=\"width: 52.2807%;\">Doopsgezind Centrum, Ruiterskwartier<\/td>\n<td style=\"width: 15.4386%;\">\n<div style=\"text-align: left;\" align=\"center\">1986-1993<\/div>\n<\/td>\n<td style=\"width: 7.71933%;\">\n<div align=\"center\">7<\/div>\n<\/td>\n<\/tr>\n<tr>\n<td style=\"width: 52.2807%;\">Zalencentrum Priyas \/ Enzo, Kalverdijkje<\/td>\n<td style=\"width: 15.4386%;\">\n<div style=\"text-align: left;\" align=\"center\">1993-2025<\/div>\n<\/td>\n<td style=\"width: 7.71933%;\">\n<div align=\"center\">32<\/div>\n<\/td>\n<\/tr>\n<tr>\n<td style=\"width: 52.2807%;\">Wijkcentrum Bilgaard<\/td>\n<td style=\"width: 15.4386%;\">\n<div style=\"text-align: left;\" align=\"center\">2025-<\/div>\n<\/td>\n<td style=\"width: 7.71933%;\">\n<div align=\"center\"><\/div>\n<\/td>\n<\/tr>\n<tr>\n<td style=\"width: 52.2807%;\"><strong>Totaal<\/strong><\/td>\n<td style=\"width: 15.4386%;\">\n<div style=\"text-align: left;\" align=\"center\"><strong>1847- 2025<\/strong><\/div>\n<\/td>\n<td style=\"width: 7.71933%;\">\n<div align=\"center\"><strong>178<\/strong><\/div>\n<\/td>\n<\/tr>\n<\/tbody>\n<\/table>\n","protected":false},"excerpt":{"rendered":"<p>Caf\u00e9 Van der Wielen, Sacramentsstraat 1847-1895 48 Friesch Koffiehuis, Wirdumerdijk 1895-1904 9 Caf\u00e9 Spoorzicht, Zuiderplein 1904-1906 2 Caf\u00e9 Visser, Sacramentsstraat 1906-1909 3 Hotel De Klanderij, Zuiderplein 1909-1912 3 Friesch Koffiehuis, Wirdumerdijk 1912-1941 29 Harmonie 1941-1950 9 Hotel Amicitia, Wirdumerdijk 1950-1951 1 Hotel De Klanderij, Zuiderplein 1951-1969 18 Kantine FBTO 1969-1970 1 Harmonie 1970-1978 8 Kantine [&hellip;]<\/p>\n","protected":false},"author":1,"featured_media":0,"parent":0,"menu_order":0,"comment_status":"closed","ping_status":"closed","template":"","meta":{"footnotes":""},"class_list":["post-1289","page","type-page","status-publish","hentry"],"_links":{"self":[{"href":"https:\/\/philidor1847.nl\/index.php?rest_route=\/wp\/v2\/pages\/1289","targetHints":{"allow":["GET"]}}],"collection":[{"href":"https:\/\/philidor1847.nl\/index.php?rest_route=\/wp\/v2\/pages"}],"about":[{"href":"https:\/\/philidor1847.nl\/index.php?rest_route=\/wp\/v2\/types\/page"}],"author":[{"embeddable":true,"href":"https:\/\/philidor1847.nl\/index.php?rest_route=\/wp\/v2\/users\/1"}],"replies":[{"embeddable":true,"href":"https:\/\/philidor1847.nl\/index.php?rest_route=%2Fwp%2Fv2%2Fcomments&post=1289"}],"version-history":[{"count":16,"href":"https:\/\/philidor1847.nl\/index.php?rest_route=\/wp\/v2\/pages\/1289\/revisions"}],"predecessor-version":[{"id":12075,"href":"https:\/\/philidor1847.nl\/index.php?rest_route=\/wp\/v2\/pages\/1289\/revisions\/12075"}],"wp:attachment":[{"href":"https:\/\/philidor1847.nl\/index.php?rest_route=%2Fwp%2Fv2%2Fmedia&parent=1289"}],"curies":[{"name":"wp","href":"https:\/\/api.w.org\/{rel}","templated":true}]}}